{"id":33,"date":"2020-05-18T21:47:32","date_gmt":"2020-05-18T18:47:32","guid":{"rendered":"http:\/\/www.enlemsogukhava.com\/en\/?page_id=33"},"modified":"2020-06-08T13:51:28","modified_gmt":"2020-06-08T10:51:28","slug":"storage-solutions-for-logistics-companies","status":"publish","type":"page","link":"http:\/\/www.enlemsogukhava.com\/en\/storage-solutions-for-logistics-companies\/","title":{"rendered":"Storage Solutions for Logistics Companies"},"content":{"rendered":"<p>In order to assist the logistics services provided by our company to its customers, there are storage areas with all kinds of stocking facilities within the facility.<\/p>\n<p>There are bonded and non-bonded areas in our warehouses and safely stocking is done for your textile, food or general purpose goods.<\/p>\n<p>Our team of experts, with barcode tracking technology in every tonnage stacking machines and computer environment, offers its superior quality services to meet the expectations of our customers.<\/p>\n<p><strong>Some Advantages of Enlem Logistics Solutions<\/strong><\/p>\n<ul>\n<li>Providing the opportunity to store their inventories for food manufacturers and distributors helps them save time to coordinate multiple logistics providers while providing cost efficiency.<\/li>\n<li>Our customers receive the highest level of service as we are practically active in the daily management of our business as a family business.<\/li>\n<li>Our services enable our customers to avoid a warehouse operating costs and focus on their core business instead.<\/li>\n<\/ul>\n<p>In this context, companies that prefer our company gain flexibility in resources and workforce rather than the responsibility of an expensive logistics operation.<\/p>\n<div class=\"container\">\n<h3 class=\"font-weight-light text-center text-lg-left mt-4 mb-0\">Enlem Cold Storage Warehouse Shipment and Loading Department Images<\/h3>\n<hr class=\"mt-2 mb-5\">\n<div class=\"row text-center text-lg-left\">\n<div class=\"col-lg-3 col-md-4 col-6\">\n      <a href=\"\/wp-content\/uploads\/2020\/06\/DSCF4963.jpg\" data-lightbox=\"single-pic\" class=\"d-block mb-4 h-100\"><br \/>\n<img class=\"img-fluid img-thumbnail\" src=\"\/wp-content\/uploads\/2020\/06\/DSCF4963.jpg\" alt=\"Enlem So\u011fuk Hava Depolar\u0131 Sevkiyat ve Y\u00fckleme\"><br \/>\n<\/a><\/div>\n<div class=\"col-lg-3 col-md-4 col-6\">\n      <a href=\"\/wp-content\/uploads\/2020\/06\/DSCF5040.jpg\" data-lightbox=\"single-pic\" class=\"d-block mb-4 h-100\"><br \/>\n<img class=\"img-fluid img-thumbnail\" src=\"\/wp-content\/uploads\/2020\/06\/DSCF5040.jpg\" alt=\"Enlem So\u011fuk Hava Depolar\u0131 Sevkiyat ve Y\u00fckleme\"><br \/>\n<\/a><\/div>\n<div class=\"col-lg-3 col-md-4 col-6\">\n      <a href=\"\/wp-content\/uploads\/2020\/06\/DSCF5048.jpg\" data-lightbox=\"single-pic\" class=\"d-block mb-4 h-100\"><br \/>\n<img class=\"img-fluid img-thumbnail\" src=\"\/wp-content\/uploads\/2020\/06\/DSCF5048.jpg\" alt=\"Enlem So\u011fuk Hava Depolar\u0131 Sevkiyat ve Y\u00fckleme\"><br \/>\n<\/a><\/div>\n<div class=\"col-lg-3 col-md-4 col-6\">\n      <a href=\"\/wp-content\/uploads\/2020\/06\/DSCF5057.jpg\" data-lightbox=\"single-pic\" class=\"d-block mb-4 h-100\"><br \/>\n<img class=\"img-fluid img-thumbnail\" src=\"\/wp-content\/uploads\/2020\/06\/DSCF5057.jpg\" alt=\"Enlem So\u011fuk Hava Depolar\u0131 Sevkiyat ve Y\u00fckleme\"><br \/>\n<\/a><\/div>\n<div class=\"col-lg-3 col-md-4 col-6\">\n      <a href=\"\/wp-content\/uploads\/2020\/06\/DSCF5052.jpg\" data-lightbox=\"single-pic\" class=\"d-block mb-4 h-100\"><br \/>\n<img class=\"img-fluid img-thumbnail\" src=\"\/wp-content\/uploads\/2020\/06\/DSCF5052.jpg\" alt=\"Enlem So\u011fuk Hava Depolar\u0131 Sevkiyat ve Y\u00fckleme\"><br \/>\n<\/a><\/div>\n<div class=\"col-lg-3 col-md-4 col-6\">\n      <a href=\"\/wp-content\/uploads\/2020\/06\/DSCF4776.jpg\" data-lightbox=\"single-pic\" class=\"d-block mb-4 h-100\"><br \/>\n<img class=\"img-fluid img-thumbnail\" src=\"\/wp-content\/uploads\/2020\/06\/DSCF4776.jpg\" alt=\"Enlem So\u011fuk Hava Depolar\u0131 Sevkiyat ve Y\u00fckleme\"><br \/>\n<\/a><\/div>\n<div class=\"col-lg-3 col-md-4 col-6\">\n      <a href=\"\/wp-content\/uploads\/2020\/06\/DSCF4782.jpg\" data-lightbox=\"single-pic\" class=\"d-block mb-4 h-100\"><br \/>\n<img class=\"img-fluid img-thumbnail\" src=\"\/wp-content\/uploads\/2020\/06\/DSCF4782.jpg\" alt=\"Enlem So\u011fuk Hava Depolar\u0131 Sevkiyat ve Y\u00fckleme\"><br \/>\n<\/a><\/div>\n<div class=\"col-lg-3 col-md-4 col-6\">\n      <a href=\"\/wp-content\/uploads\/2020\/06\/DSCF4787.jpg\" data-lightbox=\"single-pic\" class=\"d-block mb-4 h-100\"><br \/>\n<img class=\"img-fluid img-thumbnail\" src=\"\/wp-content\/uploads\/2020\/06\/DSCF4787.jpg\" alt=\"Enlem So\u011fuk Hava Depolar\u0131 Sevkiyat ve Y\u00fckleme\"><br \/>\n<\/a><\/div>\n<\/div>\n<\/div>\n<p><!-- \/.container --><\/p>\n","protected":false},"excerpt":{"rendered":"<p>In order to assist the logistics services provided by our company to its customers, there are storage areas with all kinds of stocking facilities within the facility. There are bonded [&hellip;]<\/p>\n","protected":false},"author":1,"featured_media":0,"parent":0,"menu_order":0,"comment_status":"closed","ping_status":"closed","template":"page-fullwidth.php","meta":[],"yoast_head":"<!-- This site is optimized with the Yoast SEO plugin v16.0.2 - https:\/\/yoast.com\/wordpress\/plugins\/seo\/ -->\n<title>Storage Solutions for Logistics Companies - Enlem Cold Storage Warehouse<\/title>\n<link rel=\"canonical\" href=\"http:\/\/www.enlemsogukhava.com\/en\/storage-solutions-for-logistics-companies\/\" \/>\n<meta property=\"og:locale\" content=\"en_US\" \/>\n<meta property=\"og:type\" content=\"article\" \/>\n<meta property=\"og:title\" content=\"Storage Solutions for Logistics Companies - Enlem Cold Storage Warehouse\" \/>\n<meta property=\"og:description\" content=\"In order to assist the logistics services provided by our company to its customers, there are storage areas with all kinds of stocking facilities within the facility. There are bonded [&hellip;]\" \/>\n<meta property=\"og:url\" content=\"http:\/\/www.enlemsogukhava.com\/en\/storage-solutions-for-logistics-companies\/\" \/>\n<meta property=\"og:site_name\" content=\"Enlem Cold Storage Warehouse\" \/>\n<meta property=\"article:modified_time\" content=\"2020-06-08T10:51:28+00:00\" \/>\n<meta property=\"og:image\" content=\"http:\/\/www.enlemsogukhava.com\/wp-content\/uploads\/2020\/06\/DSCF4963.jpg\" \/>\n<meta name=\"twitter:card\" content=\"summary_large_image\" \/>\n<meta name=\"twitter:label1\" content=\"Est. reading time\">\n\t<meta name=\"twitter:data1\" content=\"1 minute\">\n<script type=\"application\/ld+json\" class=\"yoast-schema-graph\">{\"@context\":\"https:\/\/schema.org\",\"@graph\":[{\"@type\":\"WebSite\",\"@id\":\"http:\/\/www.enlemsogukhava.com\/en\/#website\",\"url\":\"http:\/\/www.enlemsogukhava.com\/en\/\",\"name\":\"Enlem Cold Storage Warehouse\",\"description\":\"Cold Storage Warehouse and Logistics\",\"potentialAction\":[{\"@type\":\"SearchAction\",\"target\":\"http:\/\/www.enlemsogukhava.com\/en\/?s={search_term_string}\",\"query-input\":\"required name=search_term_string\"}],\"inLanguage\":\"en-US\"},{\"@type\":\"ImageObject\",\"@id\":\"http:\/\/www.enlemsogukhava.com\/en\/storage-solutions-for-logistics-companies\/#primaryimage\",\"inLanguage\":\"en-US\",\"url\":\"\/wp-content\/uploads\/2020\/06\/DSCF4963.jpg\"},{\"@type\":\"WebPage\",\"@id\":\"http:\/\/www.enlemsogukhava.com\/en\/storage-solutions-for-logistics-companies\/#webpage\",\"url\":\"http:\/\/www.enlemsogukhava.com\/en\/storage-solutions-for-logistics-companies\/\",\"name\":\"Storage Solutions for Logistics Companies - Enlem Cold Storage Warehouse\",\"isPartOf\":{\"@id\":\"http:\/\/www.enlemsogukhava.com\/en\/#website\"},\"primaryImageOfPage\":{\"@id\":\"http:\/\/www.enlemsogukhava.com\/en\/storage-solutions-for-logistics-companies\/#primaryimage\"},\"datePublished\":\"2020-05-18T18:47:32+00:00\",\"dateModified\":\"2020-06-08T10:51:28+00:00\",\"breadcrumb\":{\"@id\":\"http:\/\/www.enlemsogukhava.com\/en\/storage-solutions-for-logistics-companies\/#breadcrumb\"},\"inLanguage\":\"en-US\",\"potentialAction\":[{\"@type\":\"ReadAction\",\"target\":[\"http:\/\/www.enlemsogukhava.com\/en\/storage-solutions-for-logistics-companies\/\"]}]},{\"@type\":\"BreadcrumbList\",\"@id\":\"http:\/\/www.enlemsogukhava.com\/en\/storage-solutions-for-logistics-companies\/#breadcrumb\",\"itemListElement\":[{\"@type\":\"ListItem\",\"position\":1,\"item\":{\"@type\":\"WebPage\",\"@id\":\"http:\/\/www.enlemsogukhava.com\/en\/\",\"url\":\"http:\/\/www.enlemsogukhava.com\/en\/\",\"name\":\"Ana sayfa\"}},{\"@type\":\"ListItem\",\"position\":2,\"item\":{\"@type\":\"WebPage\",\"@id\":\"http:\/\/www.enlemsogukhava.com\/en\/storage-solutions-for-logistics-companies\/\",\"url\":\"http:\/\/www.enlemsogukhava.com\/en\/storage-solutions-for-logistics-companies\/\",\"name\":\"Storage Solutions for Logistics Companies\"}}]}]}<\/script>\n<!-- \/ Yoast SEO plugin. -->","_links":{"self":[{"href":"http:\/\/www.enlemsogukhava.com\/en\/wp-json\/wp\/v2\/pages\/33"}],"collection":[{"href":"http:\/\/www.enlemsogukhava.com\/en\/wp-json\/wp\/v2\/pages"}],"about":[{"href":"http:\/\/www.enlemsogukhava.com\/en\/wp-json\/wp\/v2\/types\/page"}],"author":[{"embeddable":true,"href":"http:\/\/www.enlemsogukhava.com\/en\/wp-json\/wp\/v2\/users\/1"}],"replies":[{"embeddable":true,"href":"http:\/\/www.enlemsogukhava.com\/en\/wp-json\/wp\/v2\/comments?post=33"}],"version-history":[{"count":2,"href":"http:\/\/www.enlemsogukhava.com\/en\/wp-json\/wp\/v2\/pages\/33\/revisions"}],"predecessor-version":[{"id":59,"href":"http:\/\/www.enlemsogukhava.com\/en\/wp-json\/wp\/v2\/pages\/33\/revisions\/59"}],"wp:attachment":[{"href":"http:\/\/www.enlemsogukhava.com\/en\/wp-json\/wp\/v2\/media?parent=33"}],"curies":[{"name":"wp","href":"https:\/\/api.w.org\/{rel}","templated":true}]}}