{"id":30,"date":"2020-05-18T21:40:08","date_gmt":"2020-05-18T18:40:08","guid":{"rendered":"http:\/\/www.enlemsogukhava.com\/en\/?page_id=30"},"modified":"2020-06-08T13:56:22","modified_gmt":"2020-06-08T10:56:22","slug":"processing-labeling-and-packaging","status":"publish","type":"page","link":"http:\/\/www.enlemsogukhava.com\/en\/processing-labeling-and-packaging\/","title":{"rendered":"Processing, Labeling and Packaging"},"content":{"rendered":"<p>With our fully equipped ramp, we can easily assist our customers in the labeling and packaging of products that will act within the scope of various operations such as exports.<\/p>\n<p>Our facility also all kinds of fish, octopus, squid and other seafood processing to be one of Turkey&#8217;s leading companies in the packaging and sale of the production facilities and among fish suppliers.<\/p>\n<p>Enlem, which is one of the pioneers of the aquaculture industry with its services and product quality, opened a Fish Processing Plant at EU standards in 2017. For more information. <a href=\"http:\/\/enlemseafood.com\/\" target=\"_blank\" rel=\"noreferrer noopener\" aria-label=\"Enlem Sea Food (opens in a new tab)\">Enlem Sea Food<\/a>.<\/p>\n<div class=\"container\">\n<h3 class=\"font-weight-light text-center text-lg-left mt-4 mb-0\">Images From Enlem Processing, Labeling and Packaging Department<\/h3>\n<hr class=\"mt-2 mb-5\">\n<div class=\"row text-center text-lg-left\">\n<div class=\"col-lg-3 col-md-4 col-6\">\n      <a href=\"\/wp-content\/uploads\/2020\/06\/DSCF4865.jpg\" data-lightbox=\"single-pic\" class=\"d-block mb-4 h-100\"><br \/>\n<img class=\"img-fluid img-thumbnail\" src=\"\/wp-content\/uploads\/2020\/06\/DSCF4865.jpg\" alt=\"Enlem Bal\u0131k \u0130\u015fleme Paketleme\"><br \/>\n<\/a><\/div>\n<div class=\"col-lg-3 col-md-4 col-6\">\n      <a href=\"\/wp-content\/uploads\/2020\/06\/DSCF4866.jpg\" data-lightbox=\"single-pic\" class=\"d-block mb-4 h-100\"><br \/>\n<img class=\"img-fluid img-thumbnail\" src=\"\/wp-content\/uploads\/2020\/06\/DSCF4866.jpg\" alt=\"Enlem Bal\u0131k \u0130\u015fleme Paketleme\"><br \/>\n<\/a><\/div>\n<div class=\"col-lg-3 col-md-4 col-6\">\n      <a href=\"\/wp-content\/uploads\/2020\/06\/DSCF4869.jpg\" data-lightbox=\"single-pic\" class=\"d-block mb-4 h-100\"><br \/>\n<img class=\"img-fluid img-thumbnail\" src=\"\/wp-content\/uploads\/2020\/06\/DSCF4869.jpg\" alt=\"Enlem Bal\u0131k \u0130\u015fleme Paketleme\"><br \/>\n<\/a><\/div>\n<div class=\"col-lg-3 col-md-4 col-6\">\n    <a href=\"\/wp-content\/uploads\/2020\/06\/DSCF4872.jpg\" data-lightbox=\"single-pic\" class=\"d-block mb-4 h-100\"><br \/>\n<img class=\"img-fluid img-thumbnail\" src=\"\/wp-content\/uploads\/2020\/06\/DSCF4872.jpg\" alt=\"Enlem Bal\u0131k \u0130\u015fleme Paketleme\"><br \/>\n<\/a><\/div>\n<div class=\"col-lg-3 col-md-4 col-6\">\n    <a href=\"\/wp-content\/uploads\/2020\/06\/DSCF4882.jpg\" data-lightbox=\"single-pic\" class=\"d-block mb-4 h-100\"><br \/>\n<img class=\"img-fluid img-thumbnail\" src=\"\/wp-content\/uploads\/2020\/06\/DSCF4882.jpg\" alt=\"Enlem Bal\u0131k \u0130\u015fleme Paketleme\"><br \/>\n<\/a><\/div>\n<div class=\"col-lg-3 col-md-4 col-6\">\n    <a href=\"\/wp-content\/uploads\/2020\/06\/DSCF4876.jpg\" data-lightbox=\"single-pic\" class=\"d-block mb-4 h-100\"><br \/>\n<img class=\"img-fluid img-thumbnail\" src=\"\/wp-content\/uploads\/2020\/06\/DSCF4876.jpg\" alt=\"Enlem Bal\u0131k \u0130\u015fleme Paketleme\"><br \/>\n<\/a><\/div>\n<div class=\"col-lg-3 col-md-4 col-6\">\n    <a href=\"\/wp-content\/uploads\/2020\/06\/DSCF4878.jpg\" data-lightbox=\"single-pic\" class=\"d-block mb-4 h-100\"><br \/>\n<img class=\"img-fluid img-thumbnail\" src=\"\/wp-content\/uploads\/2020\/06\/DSCF4878.jpg\" alt=\"Enlem Bal\u0131k \u0130\u015fleme Paketleme\"><br \/>\n<\/a><\/div>\n<div class=\"col-lg-3 col-md-4 col-6\">\n    <a href=\"\/wp-content\/uploads\/2020\/06\/DSCF5059.jpg\" data-lightbox=\"single-pic\" class=\"d-block mb-4 h-100\"><br \/>\n<img class=\"img-fluid img-thumbnail\" src=\"\/wp-content\/uploads\/2020\/06\/DSCF5059.jpg\" alt=\"Enlem Bal\u0131k \u0130\u015fleme Paketleme\"><br \/>\n<\/a><\/div>\n<div class=\"col-lg-3 col-md-4 col-6\">\n    <a href=\"\/wp-content\/uploads\/2020\/06\/DSCF5062.jpg\" data-lightbox=\"single-pic\" class=\"d-block mb-4 h-100\"><br \/>\n<img class=\"img-fluid img-thumbnail\" src=\"\/wp-content\/uploads\/2020\/06\/DSCF5062.jpg\" alt=\"Enlem Bal\u0131k \u0130\u015fleme Paketleme\"><br \/>\n<\/a><\/div>\n<div class=\"col-lg-3 col-md-4 col-6\">\n    <a href=\"\/wp-content\/uploads\/2020\/06\/DSCF5063.jpg\" data-lightbox=\"single-pic\" class=\"d-block mb-4 h-100\"><br \/>\n<img class=\"img-fluid img-thumbnail\" src=\"\/wp-content\/uploads\/2020\/06\/DSCF5063.jpg\" alt=\"Enlem Bal\u0131k \u0130\u015fleme Paketleme\"><br \/>\n<\/a><\/div>\n<div class=\"col-lg-3 col-md-4 col-6\">\n    <a href=\"\/wp-content\/uploads\/2020\/06\/DSCF4879.jpg\" data-lightbox=\"single-pic\" class=\"d-block mb-4 h-100\"><br \/>\n<img class=\"img-fluid img-thumbnail\" src=\"\/wp-content\/uploads\/2020\/06\/DSCF4879.jpg\" alt=\"Enlem Bal\u0131k \u0130\u015fleme Paketleme\"><br \/>\n<\/a><\/div>\n<div class=\"col-lg-3 col-md-4 col-6\">\n    <a href=\"\/wp-content\/uploads\/2020\/06\/DSCF4874.jpg\" data-lightbox=\"single-pic\" class=\"d-block mb-4 h-100\"><br \/>\n<img class=\"img-fluid img-thumbnail\" src=\"\/wp-content\/uploads\/2020\/06\/DSCF4874.jpg\" alt=\"Enlem Bal\u0131k \u0130\u015fleme Paketleme\"><br \/>\n<\/a><\/div>\n<div class=\"col-lg-3 col-md-4 col-6\">\n    <a href=\"\/wp-content\/uploads\/2020\/06\/DSCF4886.jpg\" data-lightbox=\"single-pic\" class=\"d-block mb-4 h-100\"><br \/>\n<img class=\"img-fluid img-thumbnail\" src=\"\/wp-content\/uploads\/2020\/06\/DSCF4886.jpg\" alt=\"Enlem Bal\u0131k \u0130\u015fleme Paketleme\"><br \/>\n<\/a><\/div>\n<div class=\"col-lg-3 col-md-4 col-6\">\n    <a href=\"\/wp-content\/uploads\/2020\/06\/DSCF4887.jpg\" data-lightbox=\"single-pic\" class=\"d-block mb-4 h-100\"><br \/>\n<img class=\"img-fluid img-thumbnail\" src=\"\/wp-content\/uploads\/2020\/06\/DSCF4887.jpg\" alt=\"Enlem Bal\u0131k \u0130\u015fleme Paketleme\"><br \/>\n<\/a><\/div>\n<div class=\"col-lg-3 col-md-4 col-6\">\n    <a href=\"\/wp-content\/uploads\/2020\/06\/DSCF4888.jpg\" data-lightbox=\"single-pic\" class=\"d-block mb-4 h-100\"><br \/>\n<img class=\"img-fluid img-thumbnail\" src=\"\/wp-content\/uploads\/2020\/06\/DSCF4888.jpg\" alt=\"Enlem Bal\u0131k \u0130\u015fleme Paketleme\"><br \/>\n<\/a><\/div>\n<div class=\"col-lg-3 col-md-4 col-6\">\n    <a href=\"\/wp-content\/uploads\/2020\/06\/DSCF4890.jpg\" data-lightbox=\"single-pic\" class=\"d-block mb-4 h-100\"><br \/>\n<img class=\"img-fluid img-thumbnail\" src=\"\/wp-content\/uploads\/2020\/06\/DSCF4890.jpg\" alt=\"Enlem Bal\u0131k \u0130\u015fleme Paketleme\"><br \/>\n<\/a><\/div>\n<div class=\"col-lg-3 col-md-4 col-6\">\n    <a href=\"\/wp-content\/uploads\/2020\/06\/DSCF4893.jpg\" data-lightbox=\"single-pic\" class=\"d-block mb-4 h-100\"><br \/>\n<img class=\"img-fluid img-thumbnail\" src=\"\/wp-content\/uploads\/2020\/06\/DSCF4893.jpg\" alt=\"Enlem Bal\u0131k \u0130\u015fleme Paketleme\"><br \/>\n<\/a><\/div>\n<div class=\"col-lg-3 col-md-4 col-6\">\n    <a href=\"\/wp-content\/uploads\/2020\/06\/DSCF4895.jpg\" data-lightbox=\"single-pic\" class=\"d-block mb-4 h-100\"><br \/>\n<img class=\"img-fluid img-thumbnail\" src=\"\/wp-content\/uploads\/2020\/06\/DSCF4895.jpg\" alt=\"Enlem Bal\u0131k \u0130\u015fleme Paketleme\"><br \/>\n<\/a><\/div>\n<div class=\"col-lg-3 col-md-4 col-6\">\n    <a href=\"\/wp-content\/uploads\/2020\/06\/DSCF4898.jpg\" data-lightbox=\"single-pic\" class=\"d-block mb-4 h-100\"><br \/>\n<img class=\"img-fluid img-thumbnail\" src=\"\/wp-content\/uploads\/2020\/06\/DSCF4898.jpg\" alt=\"Enlem Bal\u0131k \u0130\u015fleme Paketleme\"><br \/>\n<\/a><\/div>\n<div class=\"col-lg-3 col-md-4 col-6\">\n    <a href=\"\/wp-content\/uploads\/2020\/06\/DSCF4900.jpg\" data-lightbox=\"single-pic\" class=\"d-block mb-4 h-100\"><br \/>\n<img class=\"img-fluid img-thumbnail\" src=\"\/wp-content\/uploads\/2020\/06\/DSCF4900.jpg\" alt=\"Enlem Bal\u0131k \u0130\u015fleme Paketleme\"><br \/>\n<\/a><\/div>\n<div class=\"col-lg-3 col-md-4 col-6\">\n    <a href=\"\/wp-content\/uploads\/2020\/06\/DSCF4901.jpg\" data-lightbox=\"single-pic\" class=\"d-block mb-4 h-100\"><br \/>\n<img class=\"img-fluid img-thumbnail\" src=\"\/wp-content\/uploads\/2020\/06\/DSCF4901.jpg\" alt=\"Enlem Bal\u0131k \u0130\u015fleme Paketleme\"><br \/>\n<\/a><\/div>\n<div class=\"col-lg-3 col-md-4 col-6\">\n    <a href=\"\/wp-content\/uploads\/2020\/06\/DSCF4903.jpg\" data-lightbox=\"single-pic\" class=\"d-block mb-4 h-100\"><br \/>\n<img class=\"img-fluid img-thumbnail\" src=\"\/wp-content\/uploads\/2020\/06\/DSCF4903.jpg\" alt=\"Enlem Bal\u0131k \u0130\u015fleme Paketleme\"><br \/>\n<\/a><\/div>\n<div class=\"col-lg-3 col-md-4 col-6\">\n    <a href=\"\/wp-content\/uploads\/2020\/06\/DSCF4906.jpg\" data-lightbox=\"single-pic\" class=\"d-block mb-4 h-100\"><br \/>\n<img class=\"img-fluid img-thumbnail\" src=\"\/wp-content\/uploads\/2020\/06\/DSCF4906.jpg\" alt=\"Enlem Bal\u0131k \u0130\u015fleme Paketleme\"><br \/>\n<\/a><\/div>\n<div class=\"col-lg-3 col-md-4 col-6\">\n    <a href=\"\/wp-content\/uploads\/2020\/06\/DSCF4913.jpg\" data-lightbox=\"single-pic\" class=\"d-block mb-4 h-100\"><br \/>\n<img class=\"img-fluid img-thumbnail\" src=\"\/wp-content\/uploads\/2020\/06\/DSCF4913.jpg\" alt=\"Enlem Bal\u0131k \u0130\u015fleme Paketleme\"><br \/>\n<\/a><\/div>\n<div class=\"col-lg-3 col-md-4 col-6\">\n    <a href=\"\/wp-content\/uploads\/2020\/06\/DSCF4916.jpg\" data-lightbox=\"single-pic\" class=\"d-block mb-4 h-100\"><br \/>\n<img class=\"img-fluid img-thumbnail\" src=\"\/wp-content\/uploads\/2020\/06\/DSCF4916.jpg\" alt=\"Enlem Bal\u0131k \u0130\u015fleme Paketleme\"><br \/>\n<\/a><\/div>\n<div class=\"col-lg-3 col-md-4 col-6\">\n    <a href=\"\/wp-content\/uploads\/2020\/06\/DSCF4918.jpg\" data-lightbox=\"single-pic\" class=\"d-block mb-4 h-100\"><br \/>\n<img class=\"img-fluid img-thumbnail\" src=\"\/wp-content\/uploads\/2020\/06\/DSCF4918.jpg\" alt=\"Enlem Bal\u0131k \u0130\u015fleme Paketleme\"><br \/>\n<\/a><\/div>\n<div class=\"col-lg-3 col-md-4 col-6\">\n    <a href=\"\/wp-content\/uploads\/2020\/06\/DSCF4920.jpg\" data-lightbox=\"single-pic\" class=\"d-block mb-4 h-100\"><br \/>\n<img class=\"img-fluid img-thumbnail\" src=\"\/wp-content\/uploads\/2020\/06\/DSCF4920.jpg\" alt=\"Enlem Bal\u0131k \u0130\u015fleme Paketleme\"><br \/>\n<\/a><\/div>\n<div class=\"col-lg-3 col-md-4 col-6\">\n    <a href=\"\/wp-content\/uploads\/2020\/06\/DSCF4952.jpg\" data-lightbox=\"single-pic\" class=\"d-block mb-4 h-100\"><br \/>\n<img class=\"img-fluid img-thumbnail\" src=\"\/wp-content\/uploads\/2020\/06\/DSCF4952.jpg\" alt=\"Enlem Bal\u0131k \u0130\u015fleme Paketleme\"><br \/>\n<\/a><\/div>\n<div class=\"col-lg-3 col-md-4 col-6\">\n    <a href=\"\/wp-content\/uploads\/2020\/06\/DSCF4923.jpg\" data-lightbox=\"single-pic\" class=\"d-block mb-4 h-100\"><br \/>\n<img class=\"img-fluid img-thumbnail\" src=\"\/wp-content\/uploads\/2020\/06\/DSCF4923.jpg\" alt=\"Enlem Bal\u0131k \u0130\u015fleme Paketleme\"><br \/>\n<\/a><\/div>\n<div class=\"col-lg-3 col-md-4 col-6\">\n    <a href=\"\/wp-content\/uploads\/2020\/06\/DSCF4925.jpg\" data-lightbox=\"single-pic\" class=\"d-block mb-4 h-100\"><br \/>\n<img class=\"img-fluid img-thumbnail\" src=\"\/wp-content\/uploads\/2020\/06\/DSCF4925.jpg\" alt=\"Enlem Bal\u0131k \u0130\u015fleme Paketleme\"><br \/>\n<\/a><\/div>\n<div class=\"col-lg-3 col-md-4 col-6\">\n    <a href=\"\/wp-content\/uploads\/2020\/06\/DSCF4926.jpg\" data-lightbox=\"single-pic\" class=\"d-block mb-4 h-100\"><br \/>\n<img class=\"img-fluid img-thumbnail\" src=\"\/wp-content\/uploads\/2020\/06\/DSCF4926.jpg\" alt=\"Enlem Bal\u0131k \u0130\u015fleme Paketleme\"><br \/>\n<\/a><\/div>\n<div class=\"col-lg-3 col-md-4 col-6\">\n    <a href=\"\/wp-content\/uploads\/2020\/06\/DSCF4928.jpg\" data-lightbox=\"single-pic\" class=\"d-block mb-4 h-100\"><br \/>\n<img class=\"img-fluid img-thumbnail\" src=\"\/wp-content\/uploads\/2020\/06\/DSCF4928.jpg\" alt=\"Enlem Bal\u0131k \u0130\u015fleme Paketleme\"><br \/>\n<\/a><\/div>\n<div class=\"col-lg-3 col-md-4 col-6\">\n    <a href=\"\/wp-content\/uploads\/2020\/06\/DSCF4930.jpg\" data-lightbox=\"single-pic\" class=\"d-block mb-4 h-100\"><br \/>\n<img class=\"img-fluid img-thumbnail\" src=\"\/wp-content\/uploads\/2020\/06\/DSCF4930.jpg\" alt=\"Enlem Bal\u0131k \u0130\u015fleme Paketleme\"><br \/>\n<\/a><\/div>\n<div class=\"col-lg-3 col-md-4 col-6\">\n    <a href=\"\/wp-content\/uploads\/2020\/06\/DSCF4937.jpg\" data-lightbox=\"single-pic\" class=\"d-block mb-4 h-100\"><br \/>\n<img class=\"img-fluid img-thumbnail\" src=\"\/wp-content\/uploads\/2020\/06\/DSCF4937.jpg\" alt=\"Enlem Bal\u0131k \u0130\u015fleme Paketleme\"><br \/>\n<\/a><\/div>\n<div class=\"col-lg-3 col-md-4 col-6\">\n    <a href=\"\/wp-content\/uploads\/2020\/06\/DSCF4938.jpg\" data-lightbox=\"single-pic\" class=\"d-block mb-4 h-100\"><br \/>\n<img class=\"img-fluid img-thumbnail\" src=\"\/wp-content\/uploads\/2020\/06\/DSCF4938.jpg\" alt=\"Enlem Bal\u0131k \u0130\u015fleme Paketleme\"><br \/>\n<\/a><\/div>\n<div class=\"col-lg-3 col-md-4 col-6\">\n    <a href=\"\/wp-content\/uploads\/2020\/06\/DSCF4942.jpg\" data-lightbox=\"single-pic\" class=\"d-block mb-4 h-100\"><br \/>\n<img class=\"img-fluid img-thumbnail\" src=\"\/wp-content\/uploads\/2020\/06\/DSCF4942.jpg\" alt=\"Enlem Bal\u0131k \u0130\u015fleme Paketleme\"><br \/>\n<\/a><\/div>\n<div class=\"col-lg-3 col-md-4 col-6\">\n    <a href=\"\/wp-content\/uploads\/2020\/06\/DSCF4944.jpg\" data-lightbox=\"single-pic\" class=\"d-block mb-4 h-100\"><br \/>\n<img class=\"img-fluid img-thumbnail\" src=\"\/wp-content\/uploads\/2020\/06\/DSCF4944.jpg\" alt=\"Enlem Bal\u0131k \u0130\u015fleme Paketleme\"><br \/>\n<\/a><\/div>\n<div class=\"col-lg-3 col-md-4 col-6\">\n    <a href=\"\/wp-content\/uploads\/2020\/06\/DSCF4945.jpg\" data-lightbox=\"single-pic\" class=\"d-block mb-4 h-100\"><br \/>\n<img class=\"img-fluid img-thumbnail\" src=\"\/wp-content\/uploads\/2020\/06\/DSCF4945.jpg\" alt=\"Enlem Bal\u0131k \u0130\u015fleme Paketleme\"><br \/>\n<\/a><\/div>\n<\/div>\n<\/div>\n<p><!-- \/.container --><\/p>\n","protected":false},"excerpt":{"rendered":"<p>With our fully equipped ramp, we can easily assist our customers in the labeling and packaging of products that will act within the scope of various operations such as exports. [&hellip;]<\/p>\n","protected":false},"author":1,"featured_media":0,"parent":0,"menu_order":0,"comment_status":"closed","ping_status":"closed","template":"page-fullwidth.php","meta":[],"yoast_head":"<!-- This site is optimized with the Yoast SEO plugin v16.0.2 - https:\/\/yoast.com\/wordpress\/plugins\/seo\/ -->\n<title>Processing, Labeling and Packaging - Enlem Cold Storage Warehouse<\/title>\n<link rel=\"canonical\" href=\"http:\/\/www.enlemsogukhava.com\/en\/processing-labeling-and-packaging\/\" \/>\n<meta property=\"og:locale\" content=\"en_US\" \/>\n<meta property=\"og:type\" content=\"article\" \/>\n<meta property=\"og:title\" content=\"Processing, Labeling and Packaging - Enlem Cold Storage Warehouse\" \/>\n<meta property=\"og:description\" content=\"With our fully equipped ramp, we can easily assist our customers in the labeling and packaging of products that will act within the scope of various operations such as exports. [&hellip;]\" \/>\n<meta property=\"og:url\" content=\"http:\/\/www.enlemsogukhava.com\/en\/processing-labeling-and-packaging\/\" \/>\n<meta property=\"og:site_name\" content=\"Enlem Cold Storage Warehouse\" \/>\n<meta property=\"article:modified_time\" content=\"2020-06-08T10:56:22+00:00\" \/>\n<meta property=\"og:image\" content=\"http:\/\/www.enlemsogukhava.com\/wp-content\/uploads\/2020\/06\/DSCF4865.jpg\" \/>\n<meta name=\"twitter:card\" content=\"summary_large_image\" \/>\n<meta name=\"twitter:label1\" content=\"Est. reading time\">\n\t<meta name=\"twitter:data1\" content=\"1 minute\">\n<script type=\"application\/ld+json\" class=\"yoast-schema-graph\">{\"@context\":\"https:\/\/schema.org\",\"@graph\":[{\"@type\":\"WebSite\",\"@id\":\"http:\/\/www.enlemsogukhava.com\/en\/#website\",\"url\":\"http:\/\/www.enlemsogukhava.com\/en\/\",\"name\":\"Enlem Cold Storage Warehouse\",\"description\":\"Cold Storage Warehouse and Logistics\",\"potentialAction\":[{\"@type\":\"SearchAction\",\"target\":\"http:\/\/www.enlemsogukhava.com\/en\/?s={search_term_string}\",\"query-input\":\"required name=search_term_string\"}],\"inLanguage\":\"en-US\"},{\"@type\":\"ImageObject\",\"@id\":\"http:\/\/www.enlemsogukhava.com\/en\/processing-labeling-and-packaging\/#primaryimage\",\"inLanguage\":\"en-US\",\"url\":\"\/wp-content\/uploads\/2020\/06\/DSCF4865.jpg\"},{\"@type\":\"WebPage\",\"@id\":\"http:\/\/www.enlemsogukhava.com\/en\/processing-labeling-and-packaging\/#webpage\",\"url\":\"http:\/\/www.enlemsogukhava.com\/en\/processing-labeling-and-packaging\/\",\"name\":\"Processing, Labeling and Packaging - Enlem Cold Storage Warehouse\",\"isPartOf\":{\"@id\":\"http:\/\/www.enlemsogukhava.com\/en\/#website\"},\"primaryImageOfPage\":{\"@id\":\"http:\/\/www.enlemsogukhava.com\/en\/processing-labeling-and-packaging\/#primaryimage\"},\"datePublished\":\"2020-05-18T18:40:08+00:00\",\"dateModified\":\"2020-06-08T10:56:22+00:00\",\"breadcrumb\":{\"@id\":\"http:\/\/www.enlemsogukhava.com\/en\/processing-labeling-and-packaging\/#breadcrumb\"},\"inLanguage\":\"en-US\",\"potentialAction\":[{\"@type\":\"ReadAction\",\"target\":[\"http:\/\/www.enlemsogukhava.com\/en\/processing-labeling-and-packaging\/\"]}]},{\"@type\":\"BreadcrumbList\",\"@id\":\"http:\/\/www.enlemsogukhava.com\/en\/processing-labeling-and-packaging\/#breadcrumb\",\"itemListElement\":[{\"@type\":\"ListItem\",\"position\":1,\"item\":{\"@type\":\"WebPage\",\"@id\":\"http:\/\/www.enlemsogukhava.com\/en\/\",\"url\":\"http:\/\/www.enlemsogukhava.com\/en\/\",\"name\":\"Ana sayfa\"}},{\"@type\":\"ListItem\",\"position\":2,\"item\":{\"@type\":\"WebPage\",\"@id\":\"http:\/\/www.enlemsogukhava.com\/en\/processing-labeling-and-packaging\/\",\"url\":\"http:\/\/www.enlemsogukhava.com\/en\/processing-labeling-and-packaging\/\",\"name\":\"Processing, Labeling and Packaging\"}}]}]}<\/script>\n<!-- \/ Yoast SEO plugin. -->","_links":{"self":[{"href":"http:\/\/www.enlemsogukhava.com\/en\/wp-json\/wp\/v2\/pages\/30"}],"collection":[{"href":"http:\/\/www.enlemsogukhava.com\/en\/wp-json\/wp\/v2\/pages"}],"about":[{"href":"http:\/\/www.enlemsogukhava.com\/en\/wp-json\/wp\/v2\/types\/page"}],"author":[{"embeddable":true,"href":"http:\/\/www.enlemsogukhava.com\/en\/wp-json\/wp\/v2\/users\/1"}],"replies":[{"embeddable":true,"href":"http:\/\/www.enlemsogukhava.com\/en\/wp-json\/wp\/v2\/comments?post=30"}],"version-history":[{"count":3,"href":"http:\/\/www.enlemsogukhava.com\/en\/wp-json\/wp\/v2\/pages\/30\/revisions"}],"predecessor-version":[{"id":63,"href":"http:\/\/www.enlemsogukhava.com\/en\/wp-json\/wp\/v2\/pages\/30\/revisions\/63"}],"wp:attachment":[{"href":"http:\/\/www.enlemsogukhava.com\/en\/wp-json\/wp\/v2\/media?parent=30"}],"curies":[{"name":"wp","href":"https:\/\/api.w.org\/{rel}","templated":true}]}}