{"id":2,"date":"2020-04-28T22:42:04","date_gmt":"2020-04-28T19:42:04","guid":{"rendered":"http:\/\/www.enlemsogukhava.com\/en\/?page_id=2"},"modified":"2020-06-11T20:45:13","modified_gmt":"2020-06-11T17:45:13","slug":"company","status":"publish","type":"page","link":"http:\/\/www.enlemsogukhava.com\/en\/company\/","title":{"rendered":"Company"},"content":{"rendered":"<p><!--  about section start  --><\/p>\n<div class=\"about-section about\">\n<div class=\"container\">\n<div class=\"row\">\n<div class=\"col-lg-12\"><img class=\"img-fluid rounded mx-auto d-block mb-5\" src=\"http:\/\/www.enlemsogukhava.com\/wp-content\/uploads\/2020\/06\/enlem-kurumsal-aile.jpeg\" alt=\"Enlem Kurumsal Aile Fotografi\"><\/p>\n<\/div>\n<div class=\"col-lg-12\">\n               <img class=\"img-fluid rounded mx-auto d-block mb-5\" src=\"http:\/\/www.enlemsogukhava.com\/wp-content\/uploads\/2020\/06\/DSCF4811.jpg\" alt=\"Enlem Kurucular Foto\u011fraf\"><\/p>\n<\/div>\n<\/div>\n<div class=\"row mb-3\">\n<div class=\"col-xl-6 col-lg-6\">\n<div class=\"outer\">\n<div class=\"inner\" style=\"display: block;\">\n<div class=\"about-txt\"><span class=\"title\">Nephew<\/span><\/p>\n<h2 class=\"subtitle\">Enis Hac\u0131mehmeto\u011flu<\/h2>\n<div class=\"content-item\">\n<p>15.04.1971 Born in \u0130stanbul (Turkey)<\/p>\n<h3>Education &#8211; Business Information<\/h3>\n<ul>\n<li>Ye\u015filk\u00f6y 50. Y\u0131l High School<\/li>\n<li>Anadolu University Faculty of Business Administration<\/li>\n<\/ul>\n<p><small>1988 &#8211; 1990<\/small><\/p>\n<h5>\u00c7evre Food Industry INC.<\/h5>\n<p>Product + Department Manager<\/p>\n<p><small>1990 &#8211; 2020<\/small><\/p>\n<h5>\u00c7\u0131narl\u0131 Catering G\u0131da San.Tic.Ltd \u015eti<\/h5>\n<p>Founder and Chairman of the Board<\/p>\n<p><small>2017 \u2013 ~<\/small><\/p>\n<h5>ENLEM Cold Storage Warehouse Logistics and Food Inc.<\/h5>\n<p>Founder<\/p>\n<\/div>\n<\/div>\n<\/div>\n<\/div>\n<\/div>\n<div class=\"col-xl-6 col-lg-6\"><img loading=\"lazy\" class=\"img-fluid\" src=\"http:\/\/www.enlemsogukhava.com\/wp-content\/uploads\/2020\/05\/enis-hacimehmetoglu.jpeg\" alt=\"Enis Hac\u0131mehmeto\u011flu\" width=\"500\" height=\"725\"><\/p>\n<\/div>\n<\/div>\n<hr class=\"p-5\">\n<div class=\"row mb-3\">\n<div class=\"col-xl-6 col-lg-6\">\n<div class=\"outer\">\n<div class=\"inner\" style=\"display: block;\">\n<div class=\"about-txt\"><img loading=\"lazy\" class=\"img-fluid\" src=\"http:\/\/www.enlemsogukhava.com\/wp-content\/uploads\/2020\/06\/lemi_ibrahimoglu.jpeg\" alt=\"Lemi \u0130brahimo\u011flu\" width=\"500\" height=\"725\"><\/div>\n<\/div>\n<\/div>\n<\/div>\n<div class=\"col-xl-6 col-lg-6\">\n<div class=\"about-txt\"><span class=\"title\">Uncle<\/span><\/p>\n<h2 class=\"subtitle\">Lemi Ergin \u0130brahimo\u011flu<\/h2>\n<div class=\"content-item\">\n<p>09.03.1956 Born in G\u00fcm\u00fclcine-Komotini Greece<\/p>\n<h3>Education &#8211; Business Information<\/h3>\n<ul>\n<li>Komotini Celal Bayar Secondary School<\/li>\n<li>\u0130stanbul K\u00fc\u00e7\u00fck\u00e7ekmece High School<\/li>\n<li>Istanbul Facultyof Medicine<\/li>\n<\/ul>\n<p><small>1980-2017<\/small><\/p>\n<h5>\u0130stanbul Faculty of Medicine(\u00c7APA)<\/h5>\n<p>Faculty Member<\/p>\n<p><small>1995 -2020<\/small><\/p>\n<h5>Grup Med Sa\u011fl\u0131k Hizmetleri A.\u015e<\/h5>\n<p>Founder and Chairman of the Board (Freelance Doctor)<\/p>\n<p><small>2017 \u2013 ~<\/small><\/p>\n<h5>ENLEM Cold Storage Warehouse Logistics and Food Inc.<\/h5>\n<p>Founder<\/p>\n<\/div>\n<\/div>\n<\/div>\n<\/div>\n<hr class=\"p-5\">\n<div class=\"row\">\n<div class=\"col-xl-5 col-lg-6\">\n<div class=\"outer\">\n<div class=\"inner\">\n<div class=\"about-txt\"><span class=\"title\">Our Story<\/span><\/p>\n<h2 class=\"subtitle\">History<\/h2>\n<p>ENLEM Cold Storage Warehouse Logistics and Food Inc., which was established with the NEPHEW (Enis Hac\u0131mehmeto\u011flu), who provides commercial services in the 5-year food market, and his UNCLE (Lemi Ergin \u0130brahimo\u011flu), who has been in the healthcare sector for 40 years, both in academic and medical services;<\/p>\n<p>Turkey to meet the needs of cold storage, which is a serious deficiency in the food sector are extremely modern and aimed as a gift to a system compatible with the rules of hygiene.<\/p>\n<p>This facility and the company, which is obtained based on equity with the experience of 40 years of service in the health system and 30 years of food market experience, continues to provide IMPORT-EXPORT based services at home and abroad with an increasing momentum since 2017.<\/p>\n<\/div>\n<\/div>\n<\/div>\n<\/div>\n<div class=\"col-xl-6 offset-xl-1 col-lg-6\">\n<div class=\"about-right-bg\"><\/div>\n<\/div>\n<\/div>\n<div class=\"targets\">\n<div class=\"row\">\n<div class=\"col-lg-6\">\n<div class=\"box wow fadeInUp\" data-wow-duration=\"1s\">\n<div class=\"icon-wrapper\"><\/div>\n<div class=\"box-details\">\n<h4>Our Mission<\/h4>\n<p>Enlem, which is one of the most preferred companies in the industrial cooling sector, always works to provide the highest quality products and smooth service, taking into account the customer needs.<\/p>\n<\/div>\n<\/div>\n<\/div>\n<div class=\"col-lg-6\">\n<div class=\"box wow fadeInUp\" data-wow-duration=\"1s\" data-wow-delay=\".2s\">\n<div class=\"icon-wrapper\"><\/div>\n<div class=\"box-details\">\n<h4>Our Vision<\/h4>\n<p>Enlem Cold Storage Warehouse Logistics and Food Industry. Inc. to be an indispensable company in the sector with its high quality, innovative and analytical structure, and an indispensable company for its customers in storage solutions.<\/p>\n<\/div>\n<\/div>\n<\/div>\n<\/div>\n<\/div>\n<\/div>\n<\/div>\n<p><!--  about section end  --><\/p>\n<p><!--  features section start  --><\/p>\n<div class=\"features-section home-2 border-bottom\">\n<div class=\"container\">\n<div class=\"row feature-content\">\n<div class=\"col-xl-5 offset-xl-9 col-lg-6 offset-lg-6 pr-0\">\n<div class=\"features\"><span class=\"title\">Why Enlem Cold Storage Warehouse?<\/span><\/p>\n<h2 class=\"subtitle\">Featured Solutions<\/h2>\n<div class=\"feature-lists\">\n<div class=\"single-feature wow fadeInUp\" data-wow-duration=\"1s\">\n<div class=\"icon-wrapper\"><\/div>\n<div class=\"feature-details\">\n<h4>24\/7 Operation<\/h4>\n<p>As one of the cold storage facilities offering 24-hour service solution, we provide our customers with superior service at all hours of the day, saving them time and money.<\/p>\n<\/div>\n<\/div>\n<div class=\"single-feature wow fadeInUp\" data-wow-duration=\"1s\" data-wow-delay=\".2s\">\n<div class=\"icon-wrapper\"><\/div>\n<div class=\"feature-details\">\n<h4>Up-To-Date Warehouse Management<\/h4>\n<p>Enlem, an industry leader when it comes to storage technologies, provides customers with instant access to product data in real time, thanks to the innovative systems it offers.<\/p>\n<\/div>\n<\/div>\n<div class=\"single-feature wow fadeInUp\" data-wow-duration=\"1s\" data-wow-delay=\".4s\">\n<div class=\"icon-wrapper\"><\/div>\n<div class=\"feature-details\">\n<h4>International Standarts<\/h4>\n<p>Enlem provides safe storage service at international standards, has quality system applications such as Yediemin Agreement, ISO 9001, OHSAS 18001, ISO 14001, 5S.<\/p>\n<\/div>\n<\/div>\n<\/div>\n<\/div>\n<\/div>\n<\/div>\n<\/div>\n<\/div>\n<p><!--  features section end  --><\/p>\n","protected":false},"excerpt":{"rendered":"<p>Nephew Enis Hac\u0131mehmeto\u011flu 15.04.1971 Born in \u0130stanbul (Turkey) Education &#8211; Business Information Ye\u015filk\u00f6y 50. Y\u0131l High School Anadolu University Faculty of Business Administration 1988 &#8211; 1990 \u00c7evre Food Industry INC. [&hellip;]<\/p>\n","protected":false},"author":1,"featured_media":0,"parent":0,"menu_order":0,"comment_status":"closed","ping_status":"open","template":"page-fullwidth.php","meta":[],"yoast_head":"<!-- This site is optimized with the Yoast SEO plugin v16.0.2 - https:\/\/yoast.com\/wordpress\/plugins\/seo\/ -->\n<title>Company - Enlem Cold Storage Warehouse<\/title>\n<link rel=\"canonical\" href=\"http:\/\/www.enlemsogukhava.com\/en\/company\/\" \/>\n<meta property=\"og:locale\" content=\"en_US\" \/>\n<meta property=\"og:type\" content=\"article\" \/>\n<meta property=\"og:title\" content=\"Company - Enlem Cold Storage Warehouse\" \/>\n<meta property=\"og:description\" content=\"Nephew Enis Hac\u0131mehmeto\u011flu 15.04.1971 Born in \u0130stanbul (Turkey) Education &#8211; Business Information Ye\u015filk\u00f6y 50. Y\u0131l High School Anadolu University Faculty of Business Administration 1988 &#8211; 1990 \u00c7evre Food Industry INC. [&hellip;]\" \/>\n<meta property=\"og:url\" content=\"http:\/\/www.enlemsogukhava.com\/en\/company\/\" \/>\n<meta property=\"og:site_name\" content=\"Enlem Cold Storage Warehouse\" \/>\n<meta property=\"article:modified_time\" content=\"2020-06-11T17:45:13+00:00\" \/>\n<meta property=\"og:image\" content=\"http:\/\/www.enlemsogukhava.com\/wp-content\/uploads\/2020\/06\/enlem-kurumsal-aile.jpeg\" \/>\n<meta name=\"twitter:card\" content=\"summary_large_image\" \/>\n<meta name=\"twitter:label1\" content=\"Est. reading time\">\n\t<meta name=\"twitter:data1\" content=\"2 minutes\">\n<script type=\"application\/ld+json\" class=\"yoast-schema-graph\">{\"@context\":\"https:\/\/schema.org\",\"@graph\":[{\"@type\":\"WebSite\",\"@id\":\"http:\/\/www.enlemsogukhava.com\/en\/#website\",\"url\":\"http:\/\/www.enlemsogukhava.com\/en\/\",\"name\":\"Enlem Cold Storage Warehouse\",\"description\":\"Cold Storage Warehouse and Logistics\",\"potentialAction\":[{\"@type\":\"SearchAction\",\"target\":\"http:\/\/www.enlemsogukhava.com\/en\/?s={search_term_string}\",\"query-input\":\"required name=search_term_string\"}],\"inLanguage\":\"en-US\"},{\"@type\":\"ImageObject\",\"@id\":\"http:\/\/www.enlemsogukhava.com\/en\/company\/#primaryimage\",\"inLanguage\":\"en-US\",\"url\":\"http:\/\/www.enlemsogukhava.com\/wp-content\/uploads\/2020\/06\/enlem-kurumsal-aile.jpeg\"},{\"@type\":\"WebPage\",\"@id\":\"http:\/\/www.enlemsogukhava.com\/en\/company\/#webpage\",\"url\":\"http:\/\/www.enlemsogukhava.com\/en\/company\/\",\"name\":\"Company - Enlem Cold Storage Warehouse\",\"isPartOf\":{\"@id\":\"http:\/\/www.enlemsogukhava.com\/en\/#website\"},\"primaryImageOfPage\":{\"@id\":\"http:\/\/www.enlemsogukhava.com\/en\/company\/#primaryimage\"},\"datePublished\":\"2020-04-28T19:42:04+00:00\",\"dateModified\":\"2020-06-11T17:45:13+00:00\",\"breadcrumb\":{\"@id\":\"http:\/\/www.enlemsogukhava.com\/en\/company\/#breadcrumb\"},\"inLanguage\":\"en-US\",\"potentialAction\":[{\"@type\":\"ReadAction\",\"target\":[\"http:\/\/www.enlemsogukhava.com\/en\/company\/\"]}]},{\"@type\":\"BreadcrumbList\",\"@id\":\"http:\/\/www.enlemsogukhava.com\/en\/company\/#breadcrumb\",\"itemListElement\":[{\"@type\":\"ListItem\",\"position\":1,\"item\":{\"@type\":\"WebPage\",\"@id\":\"http:\/\/www.enlemsogukhava.com\/en\/\",\"url\":\"http:\/\/www.enlemsogukhava.com\/en\/\",\"name\":\"Ana sayfa\"}},{\"@type\":\"ListItem\",\"position\":2,\"item\":{\"@type\":\"WebPage\",\"@id\":\"http:\/\/www.enlemsogukhava.com\/en\/company\/\",\"url\":\"http:\/\/www.enlemsogukhava.com\/en\/company\/\",\"name\":\"Company\"}}]}]}<\/script>\n<!-- \/ Yoast SEO plugin. -->","_links":{"self":[{"href":"http:\/\/www.enlemsogukhava.com\/en\/wp-json\/wp\/v2\/pages\/2"}],"collection":[{"href":"http:\/\/www.enlemsogukhava.com\/en\/wp-json\/wp\/v2\/pages"}],"about":[{"href":"http:\/\/www.enlemsogukhava.com\/en\/wp-json\/wp\/v2\/types\/page"}],"author":[{"embeddable":true,"href":"http:\/\/www.enlemsogukhava.com\/en\/wp-json\/wp\/v2\/users\/1"}],"replies":[{"embeddable":true,"href":"http:\/\/www.enlemsogukhava.com\/en\/wp-json\/wp\/v2\/comments?post=2"}],"version-history":[{"count":6,"href":"http:\/\/www.enlemsogukhava.com\/en\/wp-json\/wp\/v2\/pages\/2\/revisions"}],"predecessor-version":[{"id":68,"href":"http:\/\/www.enlemsogukhava.com\/en\/wp-json\/wp\/v2\/pages\/2\/revisions\/68"}],"wp:attachment":[{"href":"http:\/\/www.enlemsogukhava.com\/en\/wp-json\/wp\/v2\/media?parent=2"}],"curies":[{"name":"wp","href":"https:\/\/api.w.org\/{rel}","templated":true}]}}