{"id":12,"date":"2020-04-28T23:55:10","date_gmt":"2020-04-28T20:55:10","guid":{"rendered":"http:\/\/www.enlemsogukhava.com\/en\/?page_id=12"},"modified":"2020-07-30T16:35:37","modified_gmt":"2020-07-30T13:35:37","slug":"contact-us","status":"publish","type":"page","link":"http:\/\/www.enlemsogukhava.com\/en\/contact-us\/","title":{"rendered":"Contact Us"},"content":{"rendered":"<p><!--   contact section start    --><\/p>\n<div class=\"contact-section\">\n<div class=\"container\">\n            <!--  contact infos start  --><\/p>\n<div class=\"contact-infos\">\n<div class=\"row no-gutters\">\n<div class=\"col-lg-4 single-info-col\">\n<div class=\"single-info wow fadeInRight\" data-wow-duration=\"1s\">\n<div class=\"icon-wrapper\"><i class=\"fas fa-home\"><\/i><\/div>\n<div class=\"info-txt\">\n<p>Balaban Mahallesi, Aslana\u011fz\u0131 Sokak<\/p>\n<p>No:43 34580 \u00c7anta<\/p>\n<p>Silivri, Istanbul &#8211; T\u00fcrkiye<\/p>\n<\/div>\n<\/div>\n<\/div>\n<div class=\"col-lg-4 single-info-col\">\n<div class=\"single-info wow fadeInRight\" data-wow-duration=\"1s\" data-wow-delay=\".2s\">\n<div class=\"icon-wrapper\"><i class=\"fas fa-phone\"><\/i><\/div>\n<div class=\"info-txt\">\n<p>+90 212 8751825<br \/>\n+90 532 2749331<br \/>\n+90 212 8766304<\/p>\n<\/div>\n<\/div>\n<\/div>\n<div class=\"col-lg-4 single-info-col\">\n<div class=\"single-info wow fadeInRight\" data-wow-duration=\"1s\" data-wow-delay=\".4s\">\n<div class=\"icon-wrapper\"><i class=\"far fa-envelope\"><\/i><\/div>\n<div class=\"info-txt\">\n<p>info@enlemsogukhava.com<br \/>\nenis@enlemgida.com<br \/>\nenlem@enlemgida.com<br \/>\ninfo@enlembalikcilik.com<\/p>\n<\/div>\n<\/div>\n<\/div>\n<\/div>\n<\/div>\n<p><!--  contact infos end  --><br \/>\n<!--  contact form and map start  --><\/p>\n<div class=\"contact-form-section\">\n<div class=\"row\">\n<div class=\"col-lg-6\">\n                     <span class=\"title\">You Can Contact Us by Filling the Contact Form Below<\/span><\/p>\n<h2 class=\"subtitle\">Contact Form<\/h2>\n<div role=\"form\" class=\"wpcf7\" id=\"wpcf7-f17-o1\" lang=\"en-US\" dir=\"ltr\">\n<div class=\"screen-reader-response\"><p role=\"status\" aria-live=\"polite\" aria-atomic=\"true\"><\/p> <ul><\/ul><\/div>\n<form action=\"\/en\/wp-json\/wp\/v2\/pages\/12#wpcf7-f17-o1\" method=\"post\" class=\"wpcf7-form init\" novalidate=\"novalidate\" data-status=\"init\">\n<div style=\"display: none;\">\n<input type=\"hidden\" name=\"_wpcf7\" value=\"17\" \/>\n<input type=\"hidden\" name=\"_wpcf7_version\" value=\"5.4\" \/>\n<input type=\"hidden\" name=\"_wpcf7_locale\" value=\"en_US\" \/>\n<input type=\"hidden\" name=\"_wpcf7_unit_tag\" value=\"wpcf7-f17-o1\" \/>\n<input type=\"hidden\" name=\"_wpcf7_container_post\" value=\"0\" \/>\n<input type=\"hidden\" name=\"_wpcf7_posted_data_hash\" value=\"\" \/>\n<\/div>\n<div class=\"row\">\n<div class=\"col-md-6\">\n<div class=\"form-element\">\n<label> Name (required)<br \/>\n    <span class=\"wpcf7-form-control-wrap your-name\"><input type=\"text\" name=\"your-name\" value=\"\" size=\"40\" class=\"wpcf7-form-control wpcf7-text wpcf7-validates-as-required\" aria-required=\"true\" aria-invalid=\"false\" \/><\/span> <\/label>\n<\/div>\n<\/div>\n<div class=\"col-md-6\">\n<div class=\"form-element\">\n<label> E-mail address (required)<br \/>\n    <span class=\"wpcf7-form-control-wrap your-email\"><input type=\"email\" name=\"your-email\" value=\"\" size=\"40\" class=\"wpcf7-form-control wpcf7-text wpcf7-email wpcf7-validates-as-required wpcf7-validates-as-email\" aria-required=\"true\" aria-invalid=\"false\" \/><\/span> <\/label>\n<\/div>\n<\/div>\n<div class=\"col-md-6\">\n<div class=\"form-element\">\n<label> Phone (required)<br \/>\n    <span class=\"wpcf7-form-control-wrap tel-1\"><input type=\"tel\" name=\"tel-1\" value=\"\" size=\"40\" class=\"wpcf7-form-control wpcf7-text wpcf7-tel wpcf7-validates-as-required wpcf7-validates-as-tel\" aria-required=\"true\" aria-invalid=\"false\" \/><\/span> <\/label>\n<\/div>\n<\/div>\n<div class=\"col-md-6\">\n<div class=\"form-element\">\n<label> Subject<br \/>\n    <span class=\"wpcf7-form-control-wrap your-subject\"><input type=\"text\" name=\"your-subject\" value=\"\" size=\"40\" class=\"wpcf7-form-control wpcf7-text\" aria-invalid=\"false\" \/><\/span> <\/label>\n<\/div>\n<\/div>\n<div class=\"col-md-12\">\n<div class=\"form-element\">\n<label> Your Message<br \/>\n    <span class=\"wpcf7-form-control-wrap your-message\"><textarea name=\"your-message\" cols=\"40\" rows=\"10\" class=\"wpcf7-form-control wpcf7-textarea\" aria-invalid=\"false\"><\/textarea><\/span> <\/label>\n<\/div>\n<\/div>\n<p><input type=\"submit\" value=\"Send\" class=\"wpcf7-form-control wpcf7-submit btn btn-dark\" \/><\/p>\n<\/div<\/p>\n<div class=\"wpcf7-response-output\" aria-hidden=\"true\"><\/div><\/form><\/div>\n<\/div>\n<\/div>\n<div class=\"col-lg-6\">\n<div class=\"map-wrapper\">\n<div id=\"map\"><iframe loading=\"lazy\" src=\"https:\/\/www.google.com\/maps\/embed?pb=!1m18!1m12!1m3!1d192491.41652345427!2d27.928454416406247!3d41.0760223!2m3!1f0!2f0!3f0!3m2!1i1024!2i768!4f13.1!3m3!1m2!1s0x14b519f331e78ccf%3A0xa598b89d8e9d03af!2zRW5sZW0gc2_En3VrIGhhdmEgZGVwb3N1IHZlIGJhbMSxa8OnxLFsxLFr!5e0!3m2!1str!2str!4v1582539809782!5m2!1str!2str\" width=\"600\" height=\"450\" frameborder=\"0\" style=\"border:0;\" allowfullscreen=\"\"><\/iframe><\/div>\n<\/div>\n<\/div>\n<\/div>\n<\/div>\n<p><!--  contact form and map end  --><\/p>\n<\/div>\n<p><!--   contact section end    --><\/p>\n","protected":false},"excerpt":{"rendered":"<p>Balaban Mahallesi, Aslana\u011fz\u0131 Sokak No:43 34580 \u00c7anta Silivri, Istanbul &#8211; T\u00fcrkiye +90 212 8751825 +90 532 2749331 +90 212 8766304 info@enlemsogukhava.com enis@enlemgida.com enlem@enlemgida.com info@enlembalikcilik.com You Can Contact Us by Filling [&hellip;]<\/p>\n","protected":false},"author":1,"featured_media":0,"parent":0,"menu_order":0,"comment_status":"closed","ping_status":"closed","template":"page-fullwidth.php","meta":[],"yoast_head":"<!-- This site is optimized with the Yoast SEO plugin v16.0.2 - https:\/\/yoast.com\/wordpress\/plugins\/seo\/ -->\n<title>Contact Us - Enlem Cold Storage Warehouse<\/title>\n<link rel=\"canonical\" href=\"http:\/\/www.enlemsogukhava.com\/en\/contact-us\/\" \/>\n<meta property=\"og:locale\" content=\"en_US\" \/>\n<meta property=\"og:type\" content=\"article\" \/>\n<meta property=\"og:title\" content=\"Contact Us - Enlem Cold Storage Warehouse\" \/>\n<meta property=\"og:description\" content=\"Balaban Mahallesi, Aslana\u011fz\u0131 Sokak No:43 34580 \u00c7anta Silivri, Istanbul &#8211; T\u00fcrkiye +90 212 8751825 +90 532 2749331 +90 212 8766304 info@enlemsogukhava.com enis@enlemgida.com enlem@enlemgida.com info@enlembalikcilik.com You Can Contact Us by Filling [&hellip;]\" \/>\n<meta property=\"og:url\" content=\"http:\/\/www.enlemsogukhava.com\/en\/contact-us\/\" \/>\n<meta property=\"og:site_name\" content=\"Enlem Cold Storage Warehouse\" \/>\n<meta property=\"article:modified_time\" content=\"2020-07-30T13:35:37+00:00\" \/>\n<meta name=\"twitter:card\" content=\"summary_large_image\" \/>\n<script type=\"application\/ld+json\" class=\"yoast-schema-graph\">{\"@context\":\"https:\/\/schema.org\",\"@graph\":[{\"@type\":\"WebSite\",\"@id\":\"http:\/\/www.enlemsogukhava.com\/en\/#website\",\"url\":\"http:\/\/www.enlemsogukhava.com\/en\/\",\"name\":\"Enlem Cold Storage Warehouse\",\"description\":\"Cold Storage Warehouse and Logistics\",\"potentialAction\":[{\"@type\":\"SearchAction\",\"target\":\"http:\/\/www.enlemsogukhava.com\/en\/?s={search_term_string}\",\"query-input\":\"required name=search_term_string\"}],\"inLanguage\":\"en-US\"},{\"@type\":\"WebPage\",\"@id\":\"http:\/\/www.enlemsogukhava.com\/en\/contact-us\/#webpage\",\"url\":\"http:\/\/www.enlemsogukhava.com\/en\/contact-us\/\",\"name\":\"Contact Us - Enlem Cold Storage Warehouse\",\"isPartOf\":{\"@id\":\"http:\/\/www.enlemsogukhava.com\/en\/#website\"},\"datePublished\":\"2020-04-28T20:55:10+00:00\",\"dateModified\":\"2020-07-30T13:35:37+00:00\",\"breadcrumb\":{\"@id\":\"http:\/\/www.enlemsogukhava.com\/en\/contact-us\/#breadcrumb\"},\"inLanguage\":\"en-US\",\"potentialAction\":[{\"@type\":\"ReadAction\",\"target\":[\"http:\/\/www.enlemsogukhava.com\/en\/contact-us\/\"]}]},{\"@type\":\"BreadcrumbList\",\"@id\":\"http:\/\/www.enlemsogukhava.com\/en\/contact-us\/#breadcrumb\",\"itemListElement\":[{\"@type\":\"ListItem\",\"position\":1,\"item\":{\"@type\":\"WebPage\",\"@id\":\"http:\/\/www.enlemsogukhava.com\/en\/\",\"url\":\"http:\/\/www.enlemsogukhava.com\/en\/\",\"name\":\"Ana sayfa\"}},{\"@type\":\"ListItem\",\"position\":2,\"item\":{\"@type\":\"WebPage\",\"@id\":\"http:\/\/www.enlemsogukhava.com\/en\/contact-us\/\",\"url\":\"http:\/\/www.enlemsogukhava.com\/en\/contact-us\/\",\"name\":\"Contact Us\"}}]}]}<\/script>\n<!-- \/ Yoast SEO plugin. -->","_links":{"self":[{"href":"http:\/\/www.enlemsogukhava.com\/en\/wp-json\/wp\/v2\/pages\/12"}],"collection":[{"href":"http:\/\/www.enlemsogukhava.com\/en\/wp-json\/wp\/v2\/pages"}],"about":[{"href":"http:\/\/www.enlemsogukhava.com\/en\/wp-json\/wp\/v2\/types\/page"}],"author":[{"embeddable":true,"href":"http:\/\/www.enlemsogukhava.com\/en\/wp-json\/wp\/v2\/users\/1"}],"replies":[{"embeddable":true,"href":"http:\/\/www.enlemsogukhava.com\/en\/wp-json\/wp\/v2\/comments?post=12"}],"version-history":[{"count":6,"href":"http:\/\/www.enlemsogukhava.com\/en\/wp-json\/wp\/v2\/pages\/12\/revisions"}],"predecessor-version":[{"id":69,"href":"http:\/\/www.enlemsogukhava.com\/en\/wp-json\/wp\/v2\/pages\/12\/revisions\/69"}],"wp:attachment":[{"href":"http:\/\/www.enlemsogukhava.com\/en\/wp-json\/wp\/v2\/media?parent=12"}],"curies":[{"name":"wp","href":"https:\/\/api.w.org\/{rel}","templated":true}]}}